{"id":973,"date":"2023-08-22T08:40:13","date_gmt":"2023-08-22T08:40:13","guid":{"rendered":"https:\/\/cincork.com\/pt\/?page_id=973"},"modified":"2025-10-15T15:00:58","modified_gmt":"2025-10-15T15:00:58","slug":"formacao-empresas","status":"publish","type":"page","link":"https:\/\/cincork.com\/pt\/formacao-empresas\/","title":{"rendered":"Forma\u00e7\u00e3o \u00e0 Medida"},"content":{"rendered":"\t\t<div data-elementor-type=\"wp-post\" data-elementor-id=\"973\" class=\"elementor elementor-973\">\n\t\t\t\t<div class=\"elementor-element elementor-element-3a277b4 e-flex e-con-boxed wpr-particle-no wpr-jarallax-no wpr-parallax-no wpr-sticky-section-no wpr-equal-height-no e-con e-parent\" data-id=\"3a277b4\" data-element_type=\"container\" data-e-type=\"container\" data-settings=\"{&quot;background_background&quot;:&quot;classic&quot;}\">\n\t\t\t\t\t<div class=\"e-con-inner\">\n\t\t\t\t<div class=\"elementor-element elementor-element-95a852a elementor-hidden-tablet elementor-hidden-mobile elementor-widget elementor-widget-heading\" data-id=\"95a852a\" data-element_type=\"widget\" data-e-type=\"widget\" data-widget_type=\"heading.default\">\n\t\t\t\t<div class=\"elementor-widget-container\">\n\t\t\t\t\t<h2 class=\"elementor-heading-title elementor-size-default\">In\u00edcio<\/h2>\t\t\t\t<\/div>\n\t\t\t\t<\/div>\n\t\t\t\t<div class=\"elementor-element elementor-element-f81518e elementor-hidden-tablet elementor-hidden-mobile elementor-widget elementor-widget-heading\" data-id=\"f81518e\" data-element_type=\"widget\" data-e-type=\"widget\" data-widget_type=\"heading.default\">\n\t\t\t\t<div class=\"elementor-widget-container\">\n\t\t\t\t\t<h2 class=\"elementor-heading-title elementor-size-default\">&gt;<\/h2>\t\t\t\t<\/div>\n\t\t\t\t<\/div>\n\t\t\t\t<div class=\"elementor-element elementor-element-0491e7b elementor-hidden-tablet elementor-hidden-mobile elementor-widget elementor-widget-heading\" data-id=\"0491e7b\" data-element_type=\"widget\" data-e-type=\"widget\" data-widget_type=\"heading.default\">\n\t\t\t\t<div class=\"elementor-widget-container\">\n\t\t\t\t\t<h2 class=\"elementor-heading-title elementor-size-default\">Empresas<\/h2>\t\t\t\t<\/div>\n\t\t\t\t<\/div>\n\t\t\t\t<div class=\"elementor-element elementor-element-9f43967 elementor-hidden-tablet elementor-hidden-mobile elementor-widget elementor-widget-heading\" data-id=\"9f43967\" data-element_type=\"widget\" data-e-type=\"widget\" data-widget_type=\"heading.default\">\n\t\t\t\t<div class=\"elementor-widget-container\">\n\t\t\t\t\t<h2 class=\"elementor-heading-title elementor-size-default\">&gt;<\/h2>\t\t\t\t<\/div>\n\t\t\t\t<\/div>\n\t\t\t\t<div class=\"elementor-element elementor-element-6716878 elementor-widget elementor-widget-heading\" data-id=\"6716878\" data-element_type=\"widget\" data-e-type=\"widget\" data-widget_type=\"heading.default\">\n\t\t\t\t<div class=\"elementor-widget-container\">\n\t\t\t\t\t<h2 class=\"elementor-heading-title elementor-size-default\">Forma\u00e7\u00e3o \u00e0 Medida<\/h2>\t\t\t\t<\/div>\n\t\t\t\t<\/div>\n\t\t\t\t\t<\/div>\n\t\t\t\t<\/div>\n\t\t<div class=\"elementor-element elementor-element-26bcc0f e-flex e-con-boxed wpr-particle-no wpr-jarallax-no wpr-parallax-no wpr-sticky-section-no wpr-equal-height-no e-con e-parent\" data-id=\"26bcc0f\" data-element_type=\"container\" data-e-type=\"container\">\n\t\t\t\t\t<div class=\"e-con-inner\">\n\t\t<div class=\"elementor-element elementor-element-f7b1259 e-con-full e-flex wpr-particle-no wpr-jarallax-no wpr-parallax-no wpr-sticky-section-no wpr-equal-height-no e-con e-child\" data-id=\"f7b1259\" data-element_type=\"container\" data-e-type=\"container\">\n\t\t\t\t<div class=\"elementor-element elementor-element-8aa1af4 elementor-widget elementor-widget-heading\" data-id=\"8aa1af4\" data-element_type=\"widget\" data-e-type=\"widget\" data-widget_type=\"heading.default\">\n\t\t\t\t<div class=\"elementor-widget-container\">\n\t\t\t\t\t<h2 class=\"elementor-heading-title elementor-size-default\">Empresas<\/h2>\t\t\t\t<\/div>\n\t\t\t\t<\/div>\n\t\t\t\t<div class=\"elementor-element elementor-element-3bb103c elementor-widget elementor-widget-text-editor\" data-id=\"3bb103c\" data-element_type=\"widget\" data-e-type=\"widget\" data-widget_type=\"text-editor.default\">\n\t\t\t\t<div class=\"elementor-widget-container\">\n\t\t\t\t\t\t\t\t\t<ul style=\"font-family: 'Poppins', sans-serif;\">\n \t<li><a style=\"color: #1d8649; font-weight: 600;\" href=\"https:\/\/cincork.com\/pt\/formacao-empresas\/\">Forma\u00e7\u00e3o \u00e0 Medida<\/a><\/li>\n \t<li><a style=\"color: #545454;\" href=\"https:\/\/cincork.com\/pt\/oferta-formativa-empresas\">Oferta Formativa Empresas<\/a><\/li>\n \t<li><a style=\"font-weight: var( --e-global-typography-text-font-weight ); text-align: var(--text-align); color: #545454;\" href=\"https:\/\/cincork.com\/pt\/outros-servicos-as-empresas\/\">Outros Servi\u00e7os<\/a><\/li>\n \t<li><a style=\"color: #545454;\" href=\"https:\/\/cincork.com\/pt\/pedido-de-estagio\/\">Pedido de Est\u00e1gio<\/a><\/li>\n \t<li><a style=\"color: #545454;\" href=\"https:\/\/cincork.com\/pt\/oferta-de-emprego\/\">Oferta de Emprego<\/a><\/li>\n<\/ul>\t\t\t\t\t\t\t\t<\/div>\n\t\t\t\t<\/div>\n\t\t\t\t<\/div>\n\t\t<div class=\"elementor-element elementor-element-d56a5ca e-con-full e-flex wpr-particle-no wpr-jarallax-no wpr-parallax-no wpr-sticky-section-no wpr-equal-height-no e-con e-child\" data-id=\"d56a5ca\" data-element_type=\"container\" data-e-type=\"container\">\n\t\t\t\t<div class=\"elementor-element elementor-element-7892aef elementor-widget elementor-widget-text-editor\" data-id=\"7892aef\" data-element_type=\"widget\" data-e-type=\"widget\" data-widget_type=\"text-editor.default\">\n\t\t\t\t<div class=\"elementor-widget-container\">\n\t\t\t\t\t\t\t\t\t<p>O Cincork, no \u00e2mbito da sua miss\u00e3o, encontra-se ao inteiro dispor das empresas para, em conjunto com estas, perspetivar as a\u00e7\u00f5es de forma\u00e7\u00e3o do estrito interesse das mesmas.<\/p>\t\t\t\t\t\t\t\t<\/div>\n\t\t\t\t<\/div>\n\t\t\t\t<div class=\"elementor-element elementor-element-029a9a4 elementor-widget elementor-widget-video\" data-id=\"029a9a4\" data-element_type=\"widget\" data-e-type=\"widget\" data-settings=\"{&quot;youtube_url&quot;:&quot;https:\\\/\\\/www.youtube.com\\\/watch?v=8XUU4EhhtrM&quot;,&quot;mute&quot;:&quot;yes&quot;,&quot;lazy_load&quot;:&quot;yes&quot;,&quot;video_type&quot;:&quot;youtube&quot;,&quot;controls&quot;:&quot;yes&quot;}\" data-widget_type=\"video.default\">\n\t\t\t\t<div class=\"elementor-widget-container\">\n\t\t\t\t\t\t\t<div class=\"elementor-wrapper elementor-open-inline\">\n\t\t\t<div class=\"elementor-video\"><\/div>\t\t<\/div>\n\t\t\t\t\t\t<\/div>\n\t\t\t\t<\/div>\n\t\t\t\t<\/div>\n\t\t\t\t\t<\/div>\n\t\t\t\t<\/div>\n\t\t<div class=\"elementor-element elementor-element-008b01f e-con-full e-flex wpr-particle-no wpr-jarallax-no wpr-parallax-no wpr-sticky-section-no wpr-equal-height-no e-con e-parent\" data-id=\"008b01f\" data-element_type=\"container\" data-e-type=\"container\">\n\t\t\t\t<div class=\"elementor-element elementor-element-bcb69ab elementor-widget elementor-widget-text-editor\" data-id=\"bcb69ab\" data-element_type=\"widget\" data-e-type=\"widget\" data-widget_type=\"text-editor.default\">\n\t\t\t\t<div class=\"elementor-widget-container\">\n\t\t\t\t\t\t\t\t\t<p>Criamos valor oferecendo \u00e0s empresas solu\u00e7\u00f5es e servi\u00e7os que as ajudem a ter sucesso nos seus dom\u00ednios de atividade, pelo que o CINCORK \u00e9 o parceiro certo para a qualifica\u00e7\u00e3o dos seus recursos humanos, atrav\u00e9s de forma\u00e7\u00e3o financiada ou \u00e0 medida, nas mais diversas \u00e1reas.<\/p><p>Garanta, atrav\u00e9s da forma\u00e7\u00e3o presencial e\/ou \u00e0 dist\u00e2ncia:<\/p><ul><li>A melhoria do n\u00edvel de conhecimento dos seus ativos, em todos os n\u00edveis de escolaridade;<\/li><li>O cumprimento da obriga\u00e7\u00e3o legal de facultar 40h anuais de forma\u00e7\u00e3o aos seus colaboradores;<\/li><li>O aumento da competitividade da sua empresa, atrav\u00e9s de mais colaboradores qualificados.<\/li><\/ul>\t\t\t\t\t\t\t\t<\/div>\n\t\t\t\t<\/div>\n\t\t\t\t<div class=\"elementor-element elementor-element-ffd8c0e elementor-widget elementor-widget-heading\" data-id=\"ffd8c0e\" data-element_type=\"widget\" data-e-type=\"widget\" data-widget_type=\"heading.default\">\n\t\t\t\t<div class=\"elementor-widget-container\">\n\t\t\t\t\t<h4 class=\"elementor-heading-title elementor-size-default\">FORMA\u00c7\u00c3O FINANCIADA<\/h4>\t\t\t\t<\/div>\n\t\t\t\t<\/div>\n\t\t\t\t<div class=\"elementor-element elementor-element-e76dcec elementor-widget elementor-widget-text-editor\" data-id=\"e76dcec\" data-element_type=\"widget\" data-e-type=\"widget\" data-widget_type=\"text-editor.default\">\n\t\t\t\t<div class=\"elementor-widget-container\">\n\t\t\t\t\t\t\t\t\t<p class=\"Body\">As a\u00e7\u00f5es de forma\u00e7\u00e3o desenvolvidas nas empresas poder\u00e3o ser pass\u00edveis de financiamento (n\u00e3o acarretando qualquer encargo para as mesmas).<\/p>\n<p class=\"Body\">Grupos com o m\u00ednimo de 15 formandos para forma\u00e7\u00f5es de 25 e 50 horas do Cat\u00e1logo Nacional de Qualifica\u00e7\u00f5es.<\/p>\nConsulte a nossa <a href=\"https:\/\/cincork.com\/pt\/oferta-formativa-empresas\/\">Oferta Formativa para Empresas<\/a>.\n<br>\t\t\t\t\t\t\t\t<\/div>\n\t\t\t\t<\/div>\n\t\t\t\t<div class=\"elementor-element elementor-element-122845b elementor-widget elementor-widget-heading\" data-id=\"122845b\" data-element_type=\"widget\" data-e-type=\"widget\" data-widget_type=\"heading.default\">\n\t\t\t\t<div class=\"elementor-widget-container\">\n\t\t\t\t\t<h4 class=\"elementor-heading-title elementor-size-default\">PRESTA\u00c7\u00d5ES DE SERVI\u00c7OS<\/h4>\t\t\t\t<\/div>\n\t\t\t\t<\/div>\n\t\t\t\t<div class=\"elementor-element elementor-element-72e19c4 elementor-widget elementor-widget-text-editor\" data-id=\"72e19c4\" data-element_type=\"widget\" data-e-type=\"widget\" data-widget_type=\"text-editor.default\">\n\t\t\t\t<div class=\"elementor-widget-container\">\n\t\t\t\t\t\t\t\t\t<p class=\"Body\">Para a\u00e7\u00f5es de forma\u00e7\u00e3o que n\u00e3o se enquadrem nos requisitos do <a href=\"https:\/\/catalogo.anqep.gov.pt\/\" target=\"_blank\" rel=\"noopener\">Cat\u00e1logo Nacional de Qualifica\u00e7\u00f5es<\/a> e para melhor corresponder \u00e0s necessidades espec\u00edficas de forma\u00e7\u00e3o das empresas, o Cincork prepara e organiza solu\u00e7\u00f5es formativas de acordo com a realidade profissional de cada empresa.<\/p><p class=\"Body\">Esta forma\u00e7\u00e3o \u00e0 medida pode ser desenhada e adaptada a partir de um programa j\u00e1 existente ou ser completamente nova, sempre em datas, hor\u00e1rios e locais definidos pela empresa.<\/p><p><a href=\"https:\/\/cincork.com\/pt\/oferta-formativa-empresas\/\">Fa\u00e7a-nos chegar as necessidades de forma\u00e7\u00e3o da sua empresa.<\/a><\/p>\t\t\t\t\t\t\t\t<\/div>\n\t\t\t\t<\/div>\n\t\t\t\t<\/div>\n\t\t\t\t<\/div>\n\t\t","protected":false},"excerpt":{"rendered":"<p>In\u00edcio &gt; Empresas &gt; Forma\u00e7\u00e3o \u00e0 Medida Empresas Forma\u00e7\u00e3o \u00e0 Medida Oferta Formativa Empresas Outros Servi\u00e7os Pedido de Est\u00e1gio Oferta de Emprego O Cincork, no \u00e2mbito da sua miss\u00e3o, encontra-se ao inteiro dispor das empresas para, em conjunto com estas, perspetivar as a\u00e7\u00f5es de forma\u00e7\u00e3o do estrito interesse das mesmas. https:\/\/www.youtube.com\/watch?v=8XUU4EhhtrM Criamos valor oferecendo \u00e0s empresas solu\u00e7\u00f5es e servi\u00e7os que as ajudem a ter sucesso nos seus dom\u00ednios de atividade, pelo que o CINCORK \u00e9 o parceiro certo para a qualifica\u00e7\u00e3o dos seus recursos humanos, atrav\u00e9s de forma\u00e7\u00e3o financiada ou \u00e0 medida, nas mais diversas \u00e1reas. Garanta, atrav\u00e9s da forma\u00e7\u00e3o presencial e\/ou \u00e0 dist\u00e2ncia: A melhoria do n\u00edvel de conhecimento dos seus ativos, em todos os n\u00edveis de escolaridade; O cumprimento da obriga\u00e7\u00e3o legal de facultar 40h anuais de forma\u00e7\u00e3o aos seus colaboradores; O aumento da competitividade da sua empresa, atrav\u00e9s de mais colaboradores qualificados. FORMA\u00c7\u00c3O FINANCIADA As a\u00e7\u00f5es de forma\u00e7\u00e3o desenvolvidas nas empresas poder\u00e3o ser pass\u00edveis de financiamento (n\u00e3o acarretando qualquer encargo para as mesmas). Grupos com o m\u00ednimo de 15 formandos para forma\u00e7\u00f5es de 25 e 50 horas do Cat\u00e1logo Nacional de Qualifica\u00e7\u00f5es. Consulte a nossa Oferta Formativa para Empresas. PRESTA\u00c7\u00d5ES DE SERVI\u00c7OS Para a\u00e7\u00f5es de forma\u00e7\u00e3o que n\u00e3o se enquadrem nos requisitos do Cat\u00e1logo Nacional de Qualifica\u00e7\u00f5es e para melhor corresponder \u00e0s necessidades espec\u00edficas de forma\u00e7\u00e3o das empresas, o Cincork prepara e organiza solu\u00e7\u00f5es formativas de acordo com a realidade profissional de cada empresa. Esta forma\u00e7\u00e3o \u00e0 medida pode ser desenhada e adaptada a partir de um programa j\u00e1 existente ou ser completamente nova, sempre em datas, hor\u00e1rios e locais definidos pela empresa. Fa\u00e7a-nos chegar as necessidades de forma\u00e7\u00e3o da sua empresa.<\/p>\n","protected":false},"author":1,"featured_media":10226,"parent":0,"menu_order":0,"comment_status":"closed","ping_status":"closed","template":"elementor_canvas","meta":{"footnotes":""},"class_list":["post-973","page","type-page","status-publish","has-post-thumbnail"],"_links":{"self":[{"href":"https:\/\/cincork.com\/pt\/wp-json\/wp\/v2\/pages\/973","targetHints":{"allow":["GET"]}}],"collection":[{"href":"https:\/\/cincork.com\/pt\/wp-json\/wp\/v2\/pages"}],"about":[{"href":"https:\/\/cincork.com\/pt\/wp-json\/wp\/v2\/types\/page"}],"author":[{"embeddable":true,"href":"https:\/\/cincork.com\/pt\/wp-json\/wp\/v2\/users\/1"}],"replies":[{"embeddable":true,"href":"https:\/\/cincork.com\/pt\/wp-json\/wp\/v2\/comments?post=973"}],"version-history":[{"count":0,"href":"https:\/\/cincork.com\/pt\/wp-json\/wp\/v2\/pages\/973\/revisions"}],"wp:featuredmedia":[{"embeddable":true,"href":"https:\/\/cincork.com\/pt\/wp-json\/wp\/v2\/media\/10226"}],"wp:attachment":[{"href":"https:\/\/cincork.com\/pt\/wp-json\/wp\/v2\/media?parent=973"}],"curies":[{"name":"wp","href":"https:\/\/api.w.org\/{rel}","templated":true}]}}