{"id":732,"date":"2023-08-11T10:17:05","date_gmt":"2023-08-11T10:17:05","guid":{"rendered":"https:\/\/cincork.com\/pt\/?page_id=732"},"modified":"2025-11-25T15:57:25","modified_gmt":"2025-11-25T15:57:25","slug":"programa-educativo","status":"publish","type":"page","link":"https:\/\/cincork.com\/pt\/programa-educativo\/","title":{"rendered":"Programa Educativo"},"content":{"rendered":"\t\t<div data-elementor-type=\"wp-post\" data-elementor-id=\"732\" class=\"elementor elementor-732\">\n\t\t\t\t<div class=\"elementor-element elementor-element-3a277b4 e-flex e-con-boxed wpr-particle-no wpr-jarallax-no wpr-parallax-no wpr-sticky-section-no wpr-equal-height-no e-con e-parent\" data-id=\"3a277b4\" data-element_type=\"container\" data-e-type=\"container\" data-settings=\"{&quot;background_background&quot;:&quot;classic&quot;}\">\n\t\t\t\t\t<div class=\"e-con-inner\">\n\t\t\t\t<div class=\"elementor-element elementor-element-6716878 elementor-hidden-tablet elementor-hidden-mobile elementor-widget elementor-widget-heading\" data-id=\"6716878\" data-element_type=\"widget\" data-e-type=\"widget\" data-widget_type=\"heading.default\">\n\t\t\t\t<div class=\"elementor-widget-container\">\n\t\t\t\t\t<h2 class=\"elementor-heading-title elementor-size-default\">In\u00edcio<\/h2>\t\t\t\t<\/div>\n\t\t\t\t<\/div>\n\t\t\t\t<div class=\"elementor-element elementor-element-c7fb041 elementor-hidden-tablet elementor-hidden-mobile elementor-widget elementor-widget-heading\" data-id=\"c7fb041\" data-element_type=\"widget\" data-e-type=\"widget\" data-widget_type=\"heading.default\">\n\t\t\t\t<div class=\"elementor-widget-container\">\n\t\t\t\t\t<h2 class=\"elementor-heading-title elementor-size-default\">&gt;<\/h2>\t\t\t\t<\/div>\n\t\t\t\t<\/div>\n\t\t\t\t<div class=\"elementor-element elementor-element-3e566f1 elementor-hidden-tablet elementor-hidden-mobile elementor-widget elementor-widget-heading\" data-id=\"3e566f1\" data-element_type=\"widget\" data-e-type=\"widget\" data-widget_type=\"heading.default\">\n\t\t\t\t<div class=\"elementor-widget-container\">\n\t\t\t\t\t<h2 class=\"elementor-heading-title elementor-size-default\">Projetos<\/h2>\t\t\t\t<\/div>\n\t\t\t\t<\/div>\n\t\t\t\t<div class=\"elementor-element elementor-element-242ef0f elementor-hidden-tablet elementor-hidden-mobile elementor-widget elementor-widget-heading\" data-id=\"242ef0f\" data-element_type=\"widget\" data-e-type=\"widget\" data-widget_type=\"heading.default\">\n\t\t\t\t<div class=\"elementor-widget-container\">\n\t\t\t\t\t<h2 class=\"elementor-heading-title elementor-size-default\">&gt;<\/h2>\t\t\t\t<\/div>\n\t\t\t\t<\/div>\n\t\t\t\t<div class=\"elementor-element elementor-element-96da8f7 elementor-widget elementor-widget-heading\" data-id=\"96da8f7\" data-element_type=\"widget\" data-e-type=\"widget\" data-widget_type=\"heading.default\">\n\t\t\t\t<div class=\"elementor-widget-container\">\n\t\t\t\t\t<h2 class=\"elementor-heading-title elementor-size-default\">Programa Educativo<\/h2>\t\t\t\t<\/div>\n\t\t\t\t<\/div>\n\t\t\t\t\t<\/div>\n\t\t\t\t<\/div>\n\t\t<div class=\"elementor-element elementor-element-26bcc0f e-flex e-con-boxed wpr-particle-no wpr-jarallax-no wpr-parallax-no wpr-sticky-section-no wpr-equal-height-no e-con e-parent\" data-id=\"26bcc0f\" data-element_type=\"container\" data-e-type=\"container\">\n\t\t\t\t\t<div class=\"e-con-inner\">\n\t\t<div class=\"elementor-element elementor-element-dd9fe0b e-con-full e-flex wpr-particle-no wpr-jarallax-no wpr-parallax-no wpr-sticky-section-no wpr-equal-height-no e-con e-child\" data-id=\"dd9fe0b\" data-element_type=\"container\" data-e-type=\"container\">\n\t\t\t\t<div class=\"elementor-element elementor-element-36b4d42 elementor-widget elementor-widget-heading\" data-id=\"36b4d42\" data-element_type=\"widget\" data-e-type=\"widget\" data-widget_type=\"heading.default\">\n\t\t\t\t<div class=\"elementor-widget-container\">\n\t\t\t\t\t<h2 class=\"elementor-heading-title elementor-size-default\">Programa Educativo<\/h2>\t\t\t\t<\/div>\n\t\t\t\t<\/div>\n\t\t\t\t<div class=\"elementor-element elementor-element-f0ff64d elementor-widget elementor-widget-text-editor\" data-id=\"f0ff64d\" data-element_type=\"widget\" data-e-type=\"widget\" data-widget_type=\"text-editor.default\">\n\t\t\t\t<div class=\"elementor-widget-container\">\n\t\t\t\t\t\t\t\t\t<p>O <strong>Programa Educativo do Cincork<\/strong> surge na sequ\u00eancia da elabora\u00e7\u00e3o do Plano Estrat\u00e9gico 2014 &#8211; 2016 deste Centro e tem como objetivo principal o desenvolvimento de atividades que permitam uma maior intera\u00e7\u00e3o com a comunidade envolvente, contribuindo desse modo para a prossecu\u00e7\u00e3o da miss\u00e3o para a qual o Cincork foi criado, potenciar aos jovens o contacto com a corti\u00e7a, antecipando a promo\u00e7\u00e3o junto de potenciais clientes do Cincork e consequente aumento da notoriedade do Centro.<\/p><p>De igual modo, o <strong>Programa Educativo do Cincork<\/strong> visa a promo\u00e7\u00e3o da corti\u00e7a como material plenamente ecol\u00f3gico, de reutiliza\u00e7\u00e3o ou reciclagem variada e material 100% portugu\u00eas.<\/p>\t\t\t\t\t\t\t\t<\/div>\n\t\t\t\t<\/div>\n\t\t<div class=\"elementor-element elementor-element-7087e98 e-con-full e-flex wpr-particle-no wpr-jarallax-no wpr-parallax-no wpr-sticky-section-no wpr-equal-height-no e-con e-child\" data-id=\"7087e98\" data-element_type=\"container\" data-e-type=\"container\">\n\t\t<a class=\"elementor-element elementor-element-ab58067 e-flex e-con-boxed wpr-particle-no wpr-jarallax-no wpr-parallax-no wpr-sticky-section-no wpr-equal-height-no e-con e-child\" data-id=\"ab58067\" data-element_type=\"container\" data-e-type=\"container\" href=\"https:\/\/cincork.com\/pt\/projeto-3rs\/\">\n\t\t\t\t\t<div class=\"e-con-inner\">\n\t\t\t\t<div class=\"elementor-element elementor-element-cb2fb79 elementor-widget elementor-widget-heading\" data-id=\"cb2fb79\" data-element_type=\"widget\" data-e-type=\"widget\" data-widget_type=\"heading.default\">\n\t\t\t\t<div class=\"elementor-widget-container\">\n\t\t\t\t\t<h3 class=\"elementor-heading-title elementor-size-default\">Projeto 3R's<\/h3>\t\t\t\t<\/div>\n\t\t\t\t<\/div>\n\t\t\t\t<div class=\"elementor-element elementor-element-cb2a171 elementor-widget elementor-widget-image\" data-id=\"cb2a171\" data-element_type=\"widget\" data-e-type=\"widget\" data-widget_type=\"image.default\">\n\t\t\t\t<div class=\"elementor-widget-container\">\n\t\t\t\t\t\t\t\t\t\t\t\t\t\t\t<img fetchpriority=\"high\" decoding=\"async\" width=\"800\" height=\"600\" src=\"https:\/\/cincork.com\/pt\/wp-content\/uploads\/2023\/11\/3rs.png\" class=\"attachment-large size-large wp-image-5442\" alt=\"\" srcset=\"https:\/\/cincork.com\/pt\/wp-content\/uploads\/2023\/11\/3rs.png 800w, https:\/\/cincork.com\/pt\/wp-content\/uploads\/2023\/11\/3rs-300x225.png 300w, https:\/\/cincork.com\/pt\/wp-content\/uploads\/2023\/11\/3rs-768x576.png 768w\" sizes=\"(max-width: 800px) 100vw, 800px\" \/>\t\t\t\t\t\t\t\t\t\t\t\t\t\t\t<\/div>\n\t\t\t\t<\/div>\n\t\t\t\t\t<\/div>\n\t\t\t\t<\/a>\n\t\t<a class=\"elementor-element elementor-element-91c6d3d e-flex e-con-boxed wpr-particle-no wpr-jarallax-no wpr-parallax-no wpr-sticky-section-no wpr-equal-height-no e-con e-child\" data-id=\"91c6d3d\" data-element_type=\"container\" data-e-type=\"container\" href=\"https:\/\/cincork.com\/pt\/visitas-a-nave-oficial\/\">\n\t\t\t\t\t<div class=\"e-con-inner\">\n\t\t\t\t<div class=\"elementor-element elementor-element-8d1b9f7 elementor-widget elementor-widget-heading\" data-id=\"8d1b9f7\" data-element_type=\"widget\" data-e-type=\"widget\" data-widget_type=\"heading.default\">\n\t\t\t\t<div class=\"elementor-widget-container\">\n\t\t\t\t\t<h3 class=\"elementor-heading-title elementor-size-default\">Visitas \u00e0 Nave Oficial<\/h3>\t\t\t\t<\/div>\n\t\t\t\t<\/div>\n\t\t\t\t<div class=\"elementor-element elementor-element-e8f329e elementor-widget elementor-widget-image\" data-id=\"e8f329e\" data-element_type=\"widget\" data-e-type=\"widget\" data-widget_type=\"image.default\">\n\t\t\t\t<div class=\"elementor-widget-container\">\n\t\t\t\t\t\t\t\t\t\t\t\t\t\t\t<img decoding=\"async\" width=\"800\" height=\"600\" src=\"https:\/\/cincork.com\/pt\/wp-content\/uploads\/2023\/11\/visitasnaveoficinal.png\" class=\"attachment-large size-large wp-image-5453\" alt=\"\" srcset=\"https:\/\/cincork.com\/pt\/wp-content\/uploads\/2023\/11\/visitasnaveoficinal.png 800w, https:\/\/cincork.com\/pt\/wp-content\/uploads\/2023\/11\/visitasnaveoficinal-300x225.png 300w, https:\/\/cincork.com\/pt\/wp-content\/uploads\/2023\/11\/visitasnaveoficinal-768x576.png 768w\" sizes=\"(max-width: 800px) 100vw, 800px\" \/>\t\t\t\t\t\t\t\t\t\t\t\t\t\t\t<\/div>\n\t\t\t\t<\/div>\n\t\t\t\t\t<\/div>\n\t\t\t\t<\/a>\n\t\t\t\t<\/div>\n\t\t<div class=\"elementor-element elementor-element-3ef33bb e-con-full e-flex wpr-particle-no wpr-jarallax-no wpr-parallax-no wpr-sticky-section-no wpr-equal-height-no e-con e-child\" data-id=\"3ef33bb\" data-element_type=\"container\" data-e-type=\"container\">\n\t\t<a class=\"elementor-element elementor-element-55abcae e-flex e-con-boxed wpr-particle-no wpr-jarallax-no wpr-parallax-no wpr-sticky-section-no wpr-equal-height-no e-con e-child\" data-id=\"55abcae\" data-element_type=\"container\" data-e-type=\"container\" href=\"https:\/\/cincork.com\/pt\/o-nosso-presepio\/\">\n\t\t\t\t\t<div class=\"e-con-inner\">\n\t\t\t\t<div class=\"elementor-element elementor-element-e3c1391 elementor-widget elementor-widget-heading\" data-id=\"e3c1391\" data-element_type=\"widget\" data-e-type=\"widget\" data-widget_type=\"heading.default\">\n\t\t\t\t<div class=\"elementor-widget-container\">\n\t\t\t\t\t<h3 class=\"elementor-heading-title elementor-size-default\">Concurso \"O Nosso Pres\u00e9pio\"<\/h3>\t\t\t\t<\/div>\n\t\t\t\t<\/div>\n\t\t\t\t<div class=\"elementor-element elementor-element-84d2de6 elementor-widget elementor-widget-image\" data-id=\"84d2de6\" data-element_type=\"widget\" data-e-type=\"widget\" data-widget_type=\"image.default\">\n\t\t\t\t<div class=\"elementor-widget-container\">\n\t\t\t\t\t\t\t\t\t\t\t\t\t\t\t<img decoding=\"async\" width=\"800\" height=\"600\" src=\"https:\/\/cincork.com\/pt\/wp-content\/uploads\/2025\/09\/onpresepio1024.png\" class=\"attachment-large size-large wp-image-11939\" alt=\"Onpresepio1024\" srcset=\"https:\/\/cincork.com\/pt\/wp-content\/uploads\/2025\/09\/onpresepio1024.png 1024w, https:\/\/cincork.com\/pt\/wp-content\/uploads\/2025\/09\/onpresepio1024-300x225.png 300w, https:\/\/cincork.com\/pt\/wp-content\/uploads\/2025\/09\/onpresepio1024-768x576.png 768w, https:\/\/cincork.com\/pt\/wp-content\/uploads\/2025\/09\/onpresepio1024-200x150.png 200w\" sizes=\"(max-width: 800px) 100vw, 800px\" \/>\t\t\t\t\t\t\t\t\t\t\t\t\t\t\t<\/div>\n\t\t\t\t<\/div>\n\t\t\t\t\t<\/div>\n\t\t\t\t<\/a>\n\t\t<a class=\"elementor-element elementor-element-c94cb35 e-flex e-con-boxed wpr-particle-no wpr-jarallax-no wpr-parallax-no wpr-sticky-section-no wpr-equal-height-no e-con e-child\" data-id=\"c94cb35\" data-element_type=\"container\" data-e-type=\"container\" href=\"https:\/\/cincork.com\/pt\/green-cork\/\">\n\t\t\t\t\t<div class=\"e-con-inner\">\n\t\t\t\t<div class=\"elementor-element elementor-element-8425bd9 elementor-widget elementor-widget-heading\" data-id=\"8425bd9\" data-element_type=\"widget\" data-e-type=\"widget\" data-widget_type=\"heading.default\">\n\t\t\t\t<div class=\"elementor-widget-container\">\n\t\t\t\t\t<h3 class=\"elementor-heading-title elementor-size-default\">Green Cork<\/h3>\t\t\t\t<\/div>\n\t\t\t\t<\/div>\n\t\t\t\t<div class=\"elementor-element elementor-element-180e58a elementor-widget elementor-widget-image\" data-id=\"180e58a\" data-element_type=\"widget\" data-e-type=\"widget\" data-widget_type=\"image.default\">\n\t\t\t\t<div class=\"elementor-widget-container\">\n\t\t\t\t\t\t\t\t\t\t\t\t\t\t\t<img loading=\"lazy\" decoding=\"async\" width=\"800\" height=\"600\" src=\"https:\/\/cincork.com\/pt\/wp-content\/uploads\/2023\/11\/greencork-logo.png\" class=\"attachment-large size-large wp-image-5457\" alt=\"\" srcset=\"https:\/\/cincork.com\/pt\/wp-content\/uploads\/2023\/11\/greencork-logo.png 800w, https:\/\/cincork.com\/pt\/wp-content\/uploads\/2023\/11\/greencork-logo-300x225.png 300w, https:\/\/cincork.com\/pt\/wp-content\/uploads\/2023\/11\/greencork-logo-768x576.png 768w\" sizes=\"(max-width: 800px) 100vw, 800px\" \/>\t\t\t\t\t\t\t\t\t\t\t\t\t\t\t<\/div>\n\t\t\t\t<\/div>\n\t\t\t\t\t<\/div>\n\t\t\t\t<\/a>\n\t\t\t\t<\/div>\n\t\t\t\t<\/div>\n\t\t\t\t\t<\/div>\n\t\t\t\t<\/div>\n\t\t<div class=\"elementor-element elementor-element-5d28fcf4 e-con-full e-flex wpr-particle-no wpr-jarallax-no wpr-parallax-no wpr-sticky-section-no wpr-equal-height-no e-con e-parent\" data-id=\"5d28fcf4\" data-element_type=\"container\" data-e-type=\"container\">\n\t\t\t\t<div class=\"elementor-element elementor-element-12a59196 elementor-position-inline-start botao-navegar elementor-laptop-position-inline-start elementor-view-default elementor-mobile-position-block-start elementor-widget elementor-widget-icon-box\" data-id=\"12a59196\" data-element_type=\"widget\" data-e-type=\"widget\" id=\"botaoprojetosinvertido\" data-widget_type=\"icon-box.default\">\n\t\t\t\t<div class=\"elementor-widget-container\">\n\t\t\t\t\t\t\t<div class=\"elementor-icon-box-wrapper\">\n\n\t\t\t\t\t\t<div class=\"elementor-icon-box-icon\">\n\t\t\t\t<a href=\"https:\/\/cincork.com\/pt\/projetos\/\" class=\"elementor-icon\" tabindex=\"-1\" aria-label=\"Voltar para Projetos\">\n\t\t\t\t<i aria-hidden=\"true\" class=\"fas fa-arrow-alt-circle-left\"><\/i>\t\t\t\t<\/a>\n\t\t\t<\/div>\n\t\t\t\n\t\t\t\t\t\t<div class=\"elementor-icon-box-content\">\n\n\t\t\t\t\t\t\t\t\t<h3 class=\"elementor-icon-box-title\">\n\t\t\t\t\t\t<a href=\"https:\/\/cincork.com\/pt\/projetos\/\" >\n\t\t\t\t\t\t\tVoltar para Projetos\t\t\t\t\t\t<\/a>\n\t\t\t\t\t<\/h3>\n\t\t\t\t\n\t\t\t\t\n\t\t\t<\/div>\n\t\t\t\n\t\t<\/div>\n\t\t\t\t\t\t<\/div>\n\t\t\t\t<\/div>\n\t\t\t\t<\/div>\n\t\t\t\t<\/div>\n\t\t","protected":false},"excerpt":{"rendered":"<p>In\u00edcio &gt; Projetos &gt; Programa Educativo Programa Educativo O Programa Educativo do Cincork surge na sequ\u00eancia da elabora\u00e7\u00e3o do Plano Estrat\u00e9gico 2014 &#8211; 2016 deste Centro e tem como objetivo principal o desenvolvimento de atividades que permitam uma maior intera\u00e7\u00e3o com a comunidade envolvente, contribuindo desse modo para a prossecu\u00e7\u00e3o da miss\u00e3o para a qual o Cincork foi criado, potenciar aos jovens o contacto com a corti\u00e7a, antecipando a promo\u00e7\u00e3o junto de potenciais clientes do Cincork e consequente aumento da notoriedade do Centro. De igual modo, o Programa Educativo do Cincork visa a promo\u00e7\u00e3o da corti\u00e7a como material plenamente ecol\u00f3gico, de reutiliza\u00e7\u00e3o ou reciclagem variada e material 100% portugu\u00eas. Projeto 3R&#8217;s Visitas \u00e0 Nave Oficial Concurso &#8220;O Nosso Pres\u00e9pio&#8221; Green Cork Voltar para Projetos<\/p>\n","protected":false},"author":1,"featured_media":0,"parent":0,"menu_order":0,"comment_status":"closed","ping_status":"closed","template":"elementor_canvas","meta":{"footnotes":""},"class_list":["post-732","page","type-page","status-publish"],"_links":{"self":[{"href":"https:\/\/cincork.com\/pt\/wp-json\/wp\/v2\/pages\/732","targetHints":{"allow":["GET"]}}],"collection":[{"href":"https:\/\/cincork.com\/pt\/wp-json\/wp\/v2\/pages"}],"about":[{"href":"https:\/\/cincork.com\/pt\/wp-json\/wp\/v2\/types\/page"}],"author":[{"embeddable":true,"href":"https:\/\/cincork.com\/pt\/wp-json\/wp\/v2\/users\/1"}],"replies":[{"embeddable":true,"href":"https:\/\/cincork.com\/pt\/wp-json\/wp\/v2\/comments?post=732"}],"version-history":[{"count":0,"href":"https:\/\/cincork.com\/pt\/wp-json\/wp\/v2\/pages\/732\/revisions"}],"wp:attachment":[{"href":"https:\/\/cincork.com\/pt\/wp-json\/wp\/v2\/media?parent=732"}],"curies":[{"name":"wp","href":"https:\/\/api.w.org\/{rel}","templated":true}]}}