{"id":723,"date":"2023-08-11T10:02:32","date_gmt":"2023-08-11T10:02:32","guid":{"rendered":"https:\/\/cincork.com\/pt\/?page_id=723"},"modified":"2025-10-15T15:00:58","modified_gmt":"2025-10-15T15:00:58","slug":"o-nosso-presepio","status":"publish","type":"page","link":"https:\/\/cincork.com\/pt\/o-nosso-presepio\/","title":{"rendered":"Concurso &#8220;O Nosso Pres\u00e9pio&#8221;"},"content":{"rendered":"\t\t<div data-elementor-type=\"wp-post\" data-elementor-id=\"723\" class=\"elementor elementor-723\">\n\t\t\t\t<div class=\"elementor-element elementor-element-3a277b4 e-flex e-con-boxed wpr-particle-no wpr-jarallax-no wpr-parallax-no wpr-sticky-section-no wpr-equal-height-no e-con e-parent\" data-id=\"3a277b4\" data-element_type=\"container\" data-e-type=\"container\" data-settings=\"{&quot;background_background&quot;:&quot;classic&quot;}\">\n\t\t\t\t\t<div class=\"e-con-inner\">\n\t\t\t\t<div class=\"elementor-element elementor-element-6716878 elementor-widget elementor-widget-heading\" data-id=\"6716878\" data-element_type=\"widget\" data-e-type=\"widget\" data-widget_type=\"heading.default\">\n\t\t\t\t<div class=\"elementor-widget-container\">\n\t\t\t\t\t<h2 class=\"elementor-heading-title elementor-size-default\">O Nosso Pres\u00e9pio<\/h2>\t\t\t\t<\/div>\n\t\t\t\t<\/div>\n\t\t\t\t\t<\/div>\n\t\t\t\t<\/div>\n\t\t<div class=\"elementor-element elementor-element-26bcc0f e-flex e-con-boxed wpr-particle-no wpr-jarallax-no wpr-parallax-no wpr-sticky-section-no wpr-equal-height-no e-con e-parent\" data-id=\"26bcc0f\" data-element_type=\"container\" data-e-type=\"container\">\n\t\t\t\t\t<div class=\"e-con-inner\">\n\t\t<div class=\"elementor-element elementor-element-dd9fe0b e-con-full e-flex wpr-particle-no wpr-jarallax-no wpr-parallax-no wpr-sticky-section-no wpr-equal-height-no e-con e-child\" data-id=\"dd9fe0b\" data-element_type=\"container\" data-e-type=\"container\">\n\t\t\t\t<div class=\"elementor-element elementor-element-3f1fb8d elementor-widget elementor-widget-heading\" data-id=\"3f1fb8d\" data-element_type=\"widget\" data-e-type=\"widget\" data-widget_type=\"heading.default\">\n\t\t\t\t<div class=\"elementor-widget-container\">\n\t\t\t\t\t<h4 class=\"elementor-heading-title elementor-size-default\">Objetivo<\/h4>\t\t\t\t<\/div>\n\t\t\t\t<\/div>\n\t\t\t\t<div class=\"elementor-element elementor-element-95e346f elementor-widget elementor-widget-text-editor\" data-id=\"95e346f\" data-element_type=\"widget\" data-e-type=\"widget\" data-widget_type=\"text-editor.default\">\n\t\t\t\t<div class=\"elementor-widget-container\">\n\t\t\t\t\t\t\t\t\t<p class=\"Body\">Este projeto tem como objetivo dinamizar a intera\u00e7\u00e3o com a comunidade escolar concelhia, lan\u00e7ando-lhes o desafio de apresentarem um pres\u00e9pio concebido, maioritariamente, em corti\u00e7a e sujeito a concurso. Haver\u00e1 atribui\u00e7\u00e3o de pr\u00e9mios e os exemplares ser\u00e3o expostos no Cincork ou num outro espa\u00e7o exterior ao Centro, desde que v\u00e1 de encontro ao objetivos do Programa Educativo.<\/p><p class=\"Body\">Esta atividade conta com a parceria da <a href=\"https:\/\/cm-feira.pt\/\" target=\"_blank\" rel=\"noopener\">C\u00e2mara Municipal de Santa Maria da Feira<\/a> e da <a href=\"http:\/\/www.fapfeira.pt\/\" target=\"_blank\" rel=\"noopener\">FAPFEIRA \u2013 Federa\u00e7\u00e3o das Associa\u00e7\u00f5es de Pais de Santa Maria da Feira<\/a>.<\/p>\t\t\t\t\t\t\t\t<\/div>\n\t\t\t\t<\/div>\n\t\t\t\t<div class=\"elementor-element elementor-element-87fb394 elementor-widget elementor-widget-image\" data-id=\"87fb394\" data-element_type=\"widget\" data-e-type=\"widget\" data-widget_type=\"image.default\">\n\t\t\t\t<div class=\"elementor-widget-container\">\n\t\t\t\t\t\t\t\t\t\t\t\t\t\t\t<img fetchpriority=\"high\" decoding=\"async\" width=\"2268\" height=\"361\" src=\"https:\/\/cincork.com\/pt\/wp-content\/uploads\/2025\/09\/logos.png\" class=\"attachment-full size-full wp-image-11929\" alt=\"Logos\" srcset=\"https:\/\/cincork.com\/pt\/wp-content\/uploads\/2025\/09\/logos.png 2268w, https:\/\/cincork.com\/pt\/wp-content\/uploads\/2025\/09\/logos-300x48.png 300w, https:\/\/cincork.com\/pt\/wp-content\/uploads\/2025\/09\/logos-1024x163.png 1024w, https:\/\/cincork.com\/pt\/wp-content\/uploads\/2025\/09\/logos-768x122.png 768w, https:\/\/cincork.com\/pt\/wp-content\/uploads\/2025\/09\/logos-1536x244.png 1536w, https:\/\/cincork.com\/pt\/wp-content\/uploads\/2025\/09\/logos-2048x326.png 2048w, https:\/\/cincork.com\/pt\/wp-content\/uploads\/2025\/09\/logos-200x32.png 200w\" sizes=\"(max-width: 2268px) 100vw, 2268px\" \/>\t\t\t\t\t\t\t\t\t\t\t\t\t\t\t<\/div>\n\t\t\t\t<\/div>\n\t\t\t\t<div class=\"elementor-element elementor-element-3c3c42d elementor-widget elementor-widget-heading\" data-id=\"3c3c42d\" data-element_type=\"widget\" data-e-type=\"widget\" data-widget_type=\"heading.default\">\n\t\t\t\t<div class=\"elementor-widget-container\">\n\t\t\t\t\t<h4 class=\"elementor-heading-title elementor-size-default\">Enquadramento da Atividade<\/h4>\t\t\t\t<\/div>\n\t\t\t\t<\/div>\n\t\t\t\t<div class=\"elementor-element elementor-element-b99eddd elementor-widget elementor-widget-text-editor\" data-id=\"b99eddd\" data-element_type=\"widget\" data-e-type=\"widget\" data-widget_type=\"text-editor.default\">\n\t\t\t\t<div class=\"elementor-widget-container\">\n\t\t\t\t\t\t\t\t\t<p class=\"Body\">O pres\u00e9pio \u00e9 talvez a mais antiga forma de caracteriza\u00e7\u00e3o do Natal. Sabe-se que foi S\u00e3o Francisco de Assis, na cidade italiana de Greccio, em 1223, o primeiro a usar a manjedoura com figuras esculpidas formando um pres\u00e9pio, tal qual o conhecemos hoje. O que restou desse pres\u00e9pio encontra-se atualmente na Bas\u00edlica de Santa Maria Maior, em Roma.<\/p><p class=\"Body\">Pres\u00e9pio (em hebraico <i>ebus <\/i>e <i>urv\u00e3\u00a0 <\/i>em latim <i>praesepium<\/i>) significa em hebraico &#8220;<i>a manjedoura dos animais<\/i>&#8220;, mas tamb\u00e9m o termo \u00e9 usado frequentemente para indicar o pr\u00f3prio est\u00e1bulo.<\/p><p class=\"Body\">Toda a comunidade escolar poder\u00e1 participar na elabora\u00e7\u00e3o e constru\u00e7\u00e3o do pres\u00e9pio de natal mais criativo e original.<\/p>\t\t\t\t\t\t\t\t<\/div>\n\t\t\t\t<\/div>\n\t\t\t\t<div class=\"elementor-element elementor-element-fd6edbf elementor-widget elementor-widget-heading\" data-id=\"fd6edbf\" data-element_type=\"widget\" data-e-type=\"widget\" data-widget_type=\"heading.default\">\n\t\t\t\t<div class=\"elementor-widget-container\">\n\t\t\t\t\t<h4 class=\"elementor-heading-title elementor-size-default\">Concurso<\/h4>\t\t\t\t<\/div>\n\t\t\t\t<\/div>\n\t\t\t\t<div class=\"elementor-element elementor-element-7982b84 elementor-widget elementor-widget-text-editor\" data-id=\"7982b84\" data-element_type=\"widget\" data-e-type=\"widget\" data-widget_type=\"text-editor.default\">\n\t\t\t\t<div class=\"elementor-widget-container\">\n\t\t\t\t\t\t\t\t\t<p class=\"Body\">O desafio lan\u00e7ado \u00e9 a confe\u00e7\u00e3o, a partir da corti\u00e7a e de outros materiais recicl\u00e1veis ou reutiliz\u00e1veis, de um pres\u00e9pio de Natal em Corti\u00e7a. Apelamos ao uso da criatividade na utiliza\u00e7\u00e3o da corti\u00e7a para constru\u00e7\u00e3o do pres\u00e9pio.<br \/>O Cincork encontra-se dispon\u00edvel para disponibilizar materiais e produtos em corti\u00e7a, mediante solicita\u00e7\u00e3o pr\u00e9via da escola.<\/p>\t\t\t\t\t\t\t\t<\/div>\n\t\t\t\t<\/div>\n\t\t\t\t<div class=\"elementor-element elementor-element-0e43f42 elementor-widget elementor-widget-heading\" data-id=\"0e43f42\" data-element_type=\"widget\" data-e-type=\"widget\" data-widget_type=\"heading.default\">\n\t\t\t\t<div class=\"elementor-widget-container\">\n\t\t\t\t\t<h4 class=\"elementor-heading-title elementor-size-default\">+ Informa\u00e7\u00f5es<\/h4>\t\t\t\t<\/div>\n\t\t\t\t<\/div>\n\t\t\t\t<div class=\"elementor-element elementor-element-dc88c98 elementor-widget elementor-widget-text-editor\" data-id=\"dc88c98\" data-element_type=\"widget\" data-e-type=\"widget\" data-widget_type=\"text-editor.default\">\n\t\t\t\t<div class=\"elementor-widget-container\">\n\t\t\t\t\t\t\t\t\t<p>Todas as informa\u00e7\u00f5es sobre este concurso podem ser encontradas na <a href=\"https:\/\/presepios.cincork.com\" target=\"_blank\" rel=\"noopener\">P\u00e1gina Oficial do Concurso &#8220;O Nosso Pres\u00e9pio&#8221;.<\/a><\/p>\t\t\t\t\t\t\t\t<\/div>\n\t\t\t\t<\/div>\n\t\t\t\t<\/div>\n\t\t\t\t\t<\/div>\n\t\t\t\t<\/div>\n\t\t<div class=\"elementor-element elementor-element-12cb3e9 e-con-full e-flex wpr-particle-no wpr-jarallax-no wpr-parallax-no wpr-sticky-section-no wpr-equal-height-no e-con e-parent\" data-id=\"12cb3e9\" data-element_type=\"container\" data-e-type=\"container\">\n\t\t\t\t<div class=\"elementor-element elementor-element-bb3c811 elementor-position-inline-start botao-navegar elementor-laptop-position-inline-start elementor-view-default elementor-mobile-position-block-start elementor-widget elementor-widget-icon-box\" data-id=\"bb3c811\" data-element_type=\"widget\" data-e-type=\"widget\" data-widget_type=\"icon-box.default\">\n\t\t\t\t<div class=\"elementor-widget-container\">\n\t\t\t\t\t\t\t<div class=\"elementor-icon-box-wrapper\">\n\n\t\t\t\t\t\t<div class=\"elementor-icon-box-icon\">\n\t\t\t\t<a href=\"https:\/\/cincork.com\/pt\/programa-educativo\/\" class=\"elementor-icon\" tabindex=\"-1\" aria-label=\"Voltar para Programa Educativo\">\n\t\t\t\t<i aria-hidden=\"true\" class=\"fas fa-arrow-alt-circle-left\"><\/i>\t\t\t\t<\/a>\n\t\t\t<\/div>\n\t\t\t\n\t\t\t\t\t\t<div class=\"elementor-icon-box-content\">\n\n\t\t\t\t\t\t\t\t\t<h3 class=\"elementor-icon-box-title\">\n\t\t\t\t\t\t<a href=\"https:\/\/cincork.com\/pt\/programa-educativo\/\" >\n\t\t\t\t\t\t\tVoltar para Programa Educativo\t\t\t\t\t\t<\/a>\n\t\t\t\t\t<\/h3>\n\t\t\t\t\n\t\t\t\t\n\t\t\t<\/div>\n\t\t\t\n\t\t<\/div>\n\t\t\t\t\t\t<\/div>\n\t\t\t\t<\/div>\n\t\t\t\t<\/div>\n\t\t\t\t<\/div>\n\t\t","protected":false},"excerpt":{"rendered":"<p>O Nosso Pres\u00e9pio Objetivo Este projeto tem como objetivo dinamizar a intera\u00e7\u00e3o com a comunidade escolar concelhia, lan\u00e7ando-lhes o desafio de apresentarem um pres\u00e9pio concebido, maioritariamente, em corti\u00e7a e sujeito a concurso. Haver\u00e1 atribui\u00e7\u00e3o de pr\u00e9mios e os exemplares ser\u00e3o expostos no Cincork ou num outro espa\u00e7o exterior ao Centro, desde que v\u00e1 de encontro ao objetivos do Programa Educativo. Esta atividade conta com a parceria da C\u00e2mara Municipal de Santa Maria da Feira e da FAPFEIRA \u2013 Federa\u00e7\u00e3o das Associa\u00e7\u00f5es de Pais de Santa Maria da Feira. Enquadramento da Atividade O pres\u00e9pio \u00e9 talvez a mais antiga forma de caracteriza\u00e7\u00e3o do Natal. Sabe-se que foi S\u00e3o Francisco de Assis, na cidade italiana de Greccio, em 1223, o primeiro a usar a manjedoura com figuras esculpidas formando um pres\u00e9pio, tal qual o conhecemos hoje. O que restou desse pres\u00e9pio encontra-se atualmente na Bas\u00edlica de Santa Maria Maior, em Roma. Pres\u00e9pio (em hebraico ebus e urv\u00e3\u00a0 em latim praesepium) significa em hebraico &#8220;a manjedoura dos animais&#8220;, mas tamb\u00e9m o termo \u00e9 usado frequentemente para indicar o pr\u00f3prio est\u00e1bulo. Toda a comunidade escolar poder\u00e1 participar na elabora\u00e7\u00e3o e constru\u00e7\u00e3o do pres\u00e9pio de natal mais criativo e original. Concurso O desafio lan\u00e7ado \u00e9 a confe\u00e7\u00e3o, a partir da corti\u00e7a e de outros materiais recicl\u00e1veis ou reutiliz\u00e1veis, de um pres\u00e9pio de Natal em Corti\u00e7a. Apelamos ao uso da criatividade na utiliza\u00e7\u00e3o da corti\u00e7a para constru\u00e7\u00e3o do pres\u00e9pio.O Cincork encontra-se dispon\u00edvel para disponibilizar materiais e produtos em corti\u00e7a, mediante solicita\u00e7\u00e3o pr\u00e9via da escola. + Informa\u00e7\u00f5es Todas as informa\u00e7\u00f5es sobre este concurso podem ser encontradas na P\u00e1gina Oficial do Concurso &#8220;O Nosso Pres\u00e9pio&#8221;. Voltar para Programa Educativo<\/p>\n","protected":false},"author":1,"featured_media":11907,"parent":0,"menu_order":0,"comment_status":"closed","ping_status":"closed","template":"elementor_canvas","meta":{"footnotes":""},"class_list":["post-723","page","type-page","status-publish","has-post-thumbnail"],"_links":{"self":[{"href":"https:\/\/cincork.com\/pt\/wp-json\/wp\/v2\/pages\/723","targetHints":{"allow":["GET"]}}],"collection":[{"href":"https:\/\/cincork.com\/pt\/wp-json\/wp\/v2\/pages"}],"about":[{"href":"https:\/\/cincork.com\/pt\/wp-json\/wp\/v2\/types\/page"}],"author":[{"embeddable":true,"href":"https:\/\/cincork.com\/pt\/wp-json\/wp\/v2\/users\/1"}],"replies":[{"embeddable":true,"href":"https:\/\/cincork.com\/pt\/wp-json\/wp\/v2\/comments?post=723"}],"version-history":[{"count":0,"href":"https:\/\/cincork.com\/pt\/wp-json\/wp\/v2\/pages\/723\/revisions"}],"wp:featuredmedia":[{"embeddable":true,"href":"https:\/\/cincork.com\/pt\/wp-json\/wp\/v2\/media\/11907"}],"wp:attachment":[{"href":"https:\/\/cincork.com\/pt\/wp-json\/wp\/v2\/media?parent=723"}],"curies":[{"name":"wp","href":"https:\/\/api.w.org\/{rel}","templated":true}]}}