{"id":577,"date":"2023-07-28T16:38:35","date_gmt":"2023-07-28T16:38:35","guid":{"rendered":"https:\/\/cincork.com\/pt\/?page_id=577"},"modified":"2026-01-12T11:00:05","modified_gmt":"2026-01-12T11:00:05","slug":"centro-qualifica-o-que-e","status":"publish","type":"page","link":"https:\/\/cincork.com\/pt\/centro-qualifica-o-que-e\/","title":{"rendered":"Centro Qualifica &#8211; O que \u00e9?"},"content":{"rendered":"\t\t<div data-elementor-type=\"wp-post\" data-elementor-id=\"577\" class=\"elementor elementor-577\">\n\t\t\t\t<div class=\"elementor-element elementor-element-3a277b4 e-flex e-con-boxed wpr-particle-no wpr-jarallax-no wpr-parallax-no wpr-sticky-section-no wpr-equal-height-no e-con e-parent\" data-id=\"3a277b4\" data-element_type=\"container\" data-e-type=\"container\" data-settings=\"{&quot;background_background&quot;:&quot;classic&quot;}\">\n\t\t\t\t\t<div class=\"e-con-inner\">\n\t\t\t\t<div class=\"elementor-element elementor-element-95a852a elementor-hidden-tablet elementor-hidden-mobile elementor-widget elementor-widget-heading\" data-id=\"95a852a\" data-element_type=\"widget\" data-e-type=\"widget\" data-widget_type=\"heading.default\">\n\t\t\t\t<div class=\"elementor-widget-container\">\n\t\t\t\t\t<h2 class=\"elementor-heading-title elementor-size-default\">In\u00edcio<\/h2>\t\t\t\t<\/div>\n\t\t\t\t<\/div>\n\t\t\t\t<div class=\"elementor-element elementor-element-8988dbe elementor-hidden-tablet elementor-hidden-mobile elementor-widget elementor-widget-heading\" data-id=\"8988dbe\" data-element_type=\"widget\" data-e-type=\"widget\" data-widget_type=\"heading.default\">\n\t\t\t\t<div class=\"elementor-widget-container\">\n\t\t\t\t\t<h2 class=\"elementor-heading-title elementor-size-default\">&gt;<\/h2>\t\t\t\t<\/div>\n\t\t\t\t<\/div>\n\t\t\t\t<div class=\"elementor-element elementor-element-45d59c3 elementor-hidden-tablet elementor-hidden-mobile elementor-widget elementor-widget-heading\" data-id=\"45d59c3\" data-element_type=\"widget\" data-e-type=\"widget\" data-widget_type=\"heading.default\">\n\t\t\t\t<div class=\"elementor-widget-container\">\n\t\t\t\t\t<h2 class=\"elementor-heading-title elementor-size-default\">Centro Qualifica<\/h2>\t\t\t\t<\/div>\n\t\t\t\t<\/div>\n\t\t\t\t<div class=\"elementor-element elementor-element-f81518e elementor-hidden-tablet elementor-hidden-mobile elementor-widget elementor-widget-heading\" data-id=\"f81518e\" data-element_type=\"widget\" data-e-type=\"widget\" data-widget_type=\"heading.default\">\n\t\t\t\t<div class=\"elementor-widget-container\">\n\t\t\t\t\t<h2 class=\"elementor-heading-title elementor-size-default\">&gt;<\/h2>\t\t\t\t<\/div>\n\t\t\t\t<\/div>\n\t\t\t\t<div class=\"elementor-element elementor-element-6716878 elementor-widget elementor-widget-heading\" data-id=\"6716878\" data-element_type=\"widget\" data-e-type=\"widget\" data-widget_type=\"heading.default\">\n\t\t\t\t<div class=\"elementor-widget-container\">\n\t\t\t\t\t<h2 class=\"elementor-heading-title elementor-size-default\">O que \u00e9?<\/h2>\t\t\t\t<\/div>\n\t\t\t\t<\/div>\n\t\t\t\t\t<\/div>\n\t\t\t\t<\/div>\n\t\t<div class=\"elementor-element elementor-element-aa12117 e-flex e-con-boxed wpr-particle-no wpr-jarallax-no wpr-parallax-no wpr-sticky-section-no wpr-equal-height-no e-con e-parent\" data-id=\"aa12117\" data-element_type=\"container\" data-e-type=\"container\">\n\t\t\t\t\t<div class=\"e-con-inner\">\n\t\t<div class=\"elementor-element elementor-element-ae59f9d e-con-full e-flex wpr-particle-no wpr-jarallax-no wpr-parallax-no wpr-sticky-section-no wpr-equal-height-no e-con e-child\" data-id=\"ae59f9d\" data-element_type=\"container\" data-e-type=\"container\">\n\t\t\t\t<div class=\"elementor-element elementor-element-3cfc7b1 elementor-widget elementor-widget-heading\" data-id=\"3cfc7b1\" data-element_type=\"widget\" data-e-type=\"widget\" data-widget_type=\"heading.default\">\n\t\t\t\t<div class=\"elementor-widget-container\">\n\t\t\t\t\t<h2 class=\"elementor-heading-title elementor-size-default\">Centro Qualifica<\/h2>\t\t\t\t<\/div>\n\t\t\t\t<\/div>\n\t\t\t\t<div class=\"elementor-element elementor-element-40571cb elementor-widget elementor-widget-text-editor\" data-id=\"40571cb\" data-element_type=\"widget\" data-e-type=\"widget\" data-widget_type=\"text-editor.default\">\n\t\t\t\t<div class=\"elementor-widget-container\">\n\t\t\t\t\t\t\t\t\t<ul><li style=\"list-style-type: none\"><ul><li><a style=\"color: #1d8649; font-weight: 600;\" href=\"https:\/\/cincork.com\/pt\/centro-qualifica-o-que-e\/\">O que \u00e9?<\/a><\/li><li><a style=\"color: #545454;\" href=\"https:\/\/cincork.com\/pt\/centro-qualifica-processo-rvcc\/\">Processos RVCC<\/a><\/li><\/ul><\/li><\/ul><p>\u00a0<\/p>\t\t\t\t\t\t\t\t<\/div>\n\t\t\t\t<\/div>\n\t\t\t\t<div class=\"elementor-element elementor-element-4aba176 elementor-widget elementor-widget-image\" data-id=\"4aba176\" data-element_type=\"widget\" data-e-type=\"widget\" data-widget_type=\"image.default\">\n\t\t\t\t<div class=\"elementor-widget-container\">\n\t\t\t\t\t\t\t\t\t\t\t\t\t\t\t<img fetchpriority=\"high\" decoding=\"async\" width=\"589\" height=\"585\" src=\"https:\/\/cincork.com\/pt\/wp-content\/uploads\/2023\/07\/qualifica.png\" class=\"attachment-full size-full wp-image-580\" alt=\"Centro QUALIFICA\" srcset=\"https:\/\/cincork.com\/pt\/wp-content\/uploads\/2023\/07\/qualifica.png 589w, https:\/\/cincork.com\/pt\/wp-content\/uploads\/2023\/07\/qualifica-300x298.png 300w, https:\/\/cincork.com\/pt\/wp-content\/uploads\/2023\/07\/qualifica-150x150.png 150w\" sizes=\"(max-width: 589px) 100vw, 589px\" \/>\t\t\t\t\t\t\t\t\t\t\t\t\t\t\t<\/div>\n\t\t\t\t<\/div>\n\t\t\t\t<div class=\"elementor-element elementor-element-5dc4b46 elementor-widget elementor-widget-image\" data-id=\"5dc4b46\" data-element_type=\"widget\" data-e-type=\"widget\" data-widget_type=\"image.default\">\n\t\t\t\t<div class=\"elementor-widget-container\">\n\t\t\t\t\t\t\t\t\t\t\t\t\t\t\t\t<a href=\"https:\/\/www.anqep.gov.pt\/\" target=\"_blank\">\n\t\t\t\t\t\t\t<img decoding=\"async\" width=\"585\" height=\"253\" src=\"https:\/\/cincork.com\/pt\/wp-content\/uploads\/2024\/03\/Logotipo-ANQEP-585px_L.png\" class=\"attachment-full size-full wp-image-8787\" alt=\"\" srcset=\"https:\/\/cincork.com\/pt\/wp-content\/uploads\/2024\/03\/Logotipo-ANQEP-585px_L.png 585w, https:\/\/cincork.com\/pt\/wp-content\/uploads\/2024\/03\/Logotipo-ANQEP-585px_L-300x130.png 300w\" sizes=\"(max-width: 585px) 100vw, 585px\" \/>\t\t\t\t\t\t\t\t<\/a>\n\t\t\t\t\t\t\t\t\t\t\t\t\t\t\t<\/div>\n\t\t\t\t<\/div>\n\t\t\t\t<\/div>\n\t\t<div class=\"elementor-element elementor-element-6d10e53 e-con-full e-flex wpr-particle-no wpr-jarallax-no wpr-parallax-no wpr-sticky-section-no wpr-equal-height-no e-con e-child\" data-id=\"6d10e53\" data-element_type=\"container\" data-e-type=\"container\">\n\t\t<div class=\"elementor-element elementor-element-dd9fe0b e-con-full e-flex wpr-particle-no wpr-jarallax-no wpr-parallax-no wpr-sticky-section-no wpr-equal-height-no e-con e-child\" data-id=\"dd9fe0b\" data-element_type=\"container\" data-e-type=\"container\">\n\t\t\t\t<div class=\"elementor-element elementor-element-1b1c7b3 elementor-widget elementor-widget-heading\" data-id=\"1b1c7b3\" data-element_type=\"widget\" data-e-type=\"widget\" data-widget_type=\"heading.default\">\n\t\t\t\t<div class=\"elementor-widget-container\">\n\t\t\t\t\t<h4 class=\"elementor-heading-title elementor-size-default\">O QUE S\u00c3O OS CENTROS QUALIFICA?<\/h4>\t\t\t\t<\/div>\n\t\t\t\t<\/div>\n\t\t\t\t<div class=\"elementor-element elementor-element-ed7890c elementor-widget elementor-widget-text-editor\" data-id=\"ed7890c\" data-element_type=\"widget\" data-e-type=\"widget\" data-widget_type=\"text-editor.default\">\n\t\t\t\t<div class=\"elementor-widget-container\">\n\t\t\t\t\t\t\t\t\t<p>Os Centros Qualifica criados pela\u00a0<a title=\"\" href=\"https:\/\/dre.pt\/application\/conteudo\/75216372\" target=\"_blank\" rel=\"noopener noreferrer\" aria-qtiped=\"yes\" data-original-title=\"Portaria n\u00ba 232\/2016 de 29 de agosto\">Portaria n\u00ba 232\/2016 de 29 de agosto<\/a>, s\u00e3o estruturas do\u00a0<a title=\"\" href=\"https:\/\/www.dgert.gov.pt\/sistema-nacinal-de-qualificacoes-snq\" target=\"_blank\" rel=\"noopener noreferrer\" aria-qtiped=\"yes\" data-original-title=\"Sistema Nacional de Qualifica\u00e7\u00f5es\">Sistema Nacional de Qualifica\u00e7\u00f5es<\/a>\u00a0que visam a qualifica\u00e7\u00e3o de jovens e adultos, promovendo uma resposta qualificada e ajustada \u00e0s suas necessidades, bem como \u00e0s exig\u00eancias do mercado de trabalho.<\/p><p>O\u00a0<strong>Centro Qualifica do CINCORK<\/strong>, criado pelo\u00a0<a title=\"\" href=\"https:\/\/dre.pt\/application\/conteudo\/106568531\" target=\"_blank\" rel=\"noopener noreferrer\" aria-qtiped=\"yes\" data-original-title=\"Despacho n\u00ba 1971\/2017 de 8 de mar\u00e7o\">Despacho n\u00ba 1971\/2017 de 8 de mar\u00e7o<\/a>, tem como fun\u00e7\u00e3o:<\/p><ul><li>Apoiar os candidatos na identifica\u00e7\u00e3o de respostas educativas e formativas adequadas ao seu perfil tendo em conta as necessidades do mercado de trabalho;<\/li><li>Desenvolver processos de reconhecimento, valida\u00e7\u00e3o e certifica\u00e7\u00e3o de compet\u00eancias (RVCC) profissionais\/escolares e de Dupla Certifica\u00e7\u00e3o.<\/li><\/ul><div>\u00a0<\/div><div>\u00a0<\/div>\t\t\t\t\t\t\t\t<\/div>\n\t\t\t\t<\/div>\n\t\t\t\t<div class=\"elementor-element elementor-element-78cca3f elementor-widget elementor-widget-heading\" data-id=\"78cca3f\" data-element_type=\"widget\" data-e-type=\"widget\" data-widget_type=\"heading.default\">\n\t\t\t\t<div class=\"elementor-widget-container\">\n\t\t\t\t\t<h4 class=\"elementor-heading-title elementor-size-default\">DESTINAT\u00c1RIOS DOS CENTROS QUALIFICA<\/h4>\t\t\t\t<\/div>\n\t\t\t\t<\/div>\n\t\t\t\t<div class=\"elementor-element elementor-element-0ee1c3e elementor-widget elementor-widget-text-editor\" data-id=\"0ee1c3e\" data-element_type=\"widget\" data-e-type=\"widget\" data-widget_type=\"text-editor.default\">\n\t\t\t\t<div class=\"elementor-widget-container\">\n\t\t\t\t\t\t\t\t\t<p>Adultos com idade igual ou superior a 18 anos que procurem uma qualifica\u00e7\u00e3o e, excecionalmente, jovens que n\u00e3o se encontrem a frequentar modalidades de educa\u00e7\u00e3o ou de forma\u00e7\u00e3o e que n\u00e3o estejam inseridos no mercado de trabalho.<\/p><p>\u00a0<\/p>\t\t\t\t\t\t\t\t<\/div>\n\t\t\t\t<\/div>\n\t\t\t\t<div class=\"elementor-element elementor-element-58fb07c elementor-widget elementor-widget-heading\" data-id=\"58fb07c\" data-element_type=\"widget\" data-e-type=\"widget\" data-widget_type=\"heading.default\">\n\t\t\t\t<div class=\"elementor-widget-container\">\n\t\t\t\t\t<h4 class=\"elementor-heading-title elementor-size-default\">SERVI\u00c7OS DISPON\u00cdVEIS<\/h4>\t\t\t\t<\/div>\n\t\t\t\t<\/div>\n\t\t\t\t<div class=\"elementor-element elementor-element-d0ba27d elementor-widget elementor-widget-text-editor\" data-id=\"d0ba27d\" data-element_type=\"widget\" data-e-type=\"widget\" data-widget_type=\"text-editor.default\">\n\t\t\t\t<div class=\"elementor-widget-container\">\n\t\t\t\t\t\t\t\t\t<ul><li>Informa\u00e7\u00e3o, orienta\u00e7\u00e3o e encaminhamento de candidatos para ofertas de ensino e forma\u00e7\u00e3o profissionais nas diferentes modalidades de qualifica\u00e7\u00e3o;<\/li><li>Realiza\u00e7\u00e3o de processos de Reconhecimento, Valida\u00e7\u00e3o e Certifica\u00e7\u00e3o de Compet\u00eancias (RVCC) para adultos com vista ao reconhecimento das compet\u00eancias adquiridas para a obten\u00e7\u00e3o de uma certifica\u00e7\u00e3o escolar\/profissional ou de dupla certifica\u00e7\u00e3o.<\/li><\/ul>\t\t\t\t\t\t\t\t<\/div>\n\t\t\t\t<\/div>\n\t\t\t\t<\/div>\n\t\t\t\t<\/div>\n\t\t\t\t\t<\/div>\n\t\t\t\t<\/div>\n\t\t\t\t<\/div>\n\t\t","protected":false},"excerpt":{"rendered":"<p>In\u00edcio &gt; Centro Qualifica &gt; O que \u00e9? Centro Qualifica O que \u00e9? Processos RVCC \u00a0 O QUE S\u00c3O OS CENTROS QUALIFICA? Os Centros Qualifica criados pela\u00a0Portaria n\u00ba 232\/2016 de 29 de agosto, s\u00e3o estruturas do\u00a0Sistema Nacional de Qualifica\u00e7\u00f5es\u00a0que visam a qualifica\u00e7\u00e3o de jovens e adultos, promovendo uma resposta qualificada e ajustada \u00e0s suas necessidades, bem como \u00e0s exig\u00eancias do mercado de trabalho. O\u00a0Centro Qualifica do CINCORK, criado pelo\u00a0Despacho n\u00ba 1971\/2017 de 8 de mar\u00e7o, tem como fun\u00e7\u00e3o: Apoiar os candidatos na identifica\u00e7\u00e3o de respostas educativas e formativas adequadas ao seu perfil tendo em conta as necessidades do mercado de trabalho; Desenvolver processos de reconhecimento, valida\u00e7\u00e3o e certifica\u00e7\u00e3o de compet\u00eancias (RVCC) profissionais\/escolares e de Dupla Certifica\u00e7\u00e3o. \u00a0\u00a0 DESTINAT\u00c1RIOS DOS CENTROS QUALIFICA Adultos com idade igual ou superior a 18 anos que procurem uma qualifica\u00e7\u00e3o e, excecionalmente, jovens que n\u00e3o se encontrem a frequentar modalidades de educa\u00e7\u00e3o ou de forma\u00e7\u00e3o e que n\u00e3o estejam inseridos no mercado de trabalho. \u00a0 SERVI\u00c7OS DISPON\u00cdVEIS Informa\u00e7\u00e3o, orienta\u00e7\u00e3o e encaminhamento de candidatos para ofertas de ensino e forma\u00e7\u00e3o profissionais nas diferentes modalidades de qualifica\u00e7\u00e3o; Realiza\u00e7\u00e3o de processos de Reconhecimento, Valida\u00e7\u00e3o e Certifica\u00e7\u00e3o de Compet\u00eancias (RVCC) para adultos com vista ao reconhecimento das compet\u00eancias adquiridas para a obten\u00e7\u00e3o de uma certifica\u00e7\u00e3o escolar\/profissional ou de dupla certifica\u00e7\u00e3o.<\/p>\n","protected":false},"author":1,"featured_media":0,"parent":0,"menu_order":0,"comment_status":"closed","ping_status":"closed","template":"elementor_canvas","meta":{"footnotes":""},"class_list":["post-577","page","type-page","status-publish"],"_links":{"self":[{"href":"https:\/\/cincork.com\/pt\/wp-json\/wp\/v2\/pages\/577","targetHints":{"allow":["GET"]}}],"collection":[{"href":"https:\/\/cincork.com\/pt\/wp-json\/wp\/v2\/pages"}],"about":[{"href":"https:\/\/cincork.com\/pt\/wp-json\/wp\/v2\/types\/page"}],"author":[{"embeddable":true,"href":"https:\/\/cincork.com\/pt\/wp-json\/wp\/v2\/users\/1"}],"replies":[{"embeddable":true,"href":"https:\/\/cincork.com\/pt\/wp-json\/wp\/v2\/comments?post=577"}],"version-history":[{"count":0,"href":"https:\/\/cincork.com\/pt\/wp-json\/wp\/v2\/pages\/577\/revisions"}],"wp:attachment":[{"href":"https:\/\/cincork.com\/pt\/wp-json\/wp\/v2\/media?parent=577"}],"curies":[{"name":"wp","href":"https:\/\/api.w.org\/{rel}","templated":true}]}}